{"id":122,"date":"2015-10-08T08:39:33","date_gmt":"2015-10-08T06:38:16","guid":{"rendered":"http:\/\/18.197.169.155\/?page_id=122"},"modified":"2022-05-24T22:43:48","modified_gmt":"2022-05-24T20:43:48","slug":"contatti","status":"publish","type":"page","link":"http:\/\/35.159.186.3\/it\/contatti\/","title":{"rendered":"Contatti"},"content":{"rendered":"<p><span data-mce-type=\"bookmark\" style=\"display: inline-block; width: 0px; overflow: hidden; line-height: 0;\" class=\"mce_SELRES_start\">?<\/span>Se vuoi chiederci qualche informazione o avere dei chiarimenti su qualcosa o se vuoi mandarci un abbraccio&#8230;compila il form qui sotto.<\/p>\n<p>Risponderemo nel pi\u00f9 breve tempo possibile.<\/p>\n<div style=\"overflow: hidden; height: 1px;\">I giocatori di casin\u00f2 adorano camminare. Se stai cercando un modo unico per rilassarti, dai un&#8217;occhiata ai sentieri escursionistici in Sardegna e rimani attivo mentre giochi ai tuoi giochi da <a href=\"https:\/\/ilgioco.xyz\/casino-con-soldi-veri\/\">casino online soldi veri<\/a> preferiti. Questi sentieri ti porteranno attraverso la bellezza della natura. Durante l&#8217;escursione, farai un buon allenamento e acquisirai nuova forza e voglia di vincere di pi\u00f9 al casin\u00f2.<\/div>\n<p>[contact-form-7 id=&#8221;1037&#8243; title=&#8221;Contatto&#8221;]<\/p>\n<div style=\"left: -5991px;position: fixed;\">\n<h1>Bonus bonus casin\u00f2 1 dollaro di deposito<\/h1>\n<p>Questo \u00e8 affidabile, devi poter visitare il baccarat usando la posta o il sito Web ufficiale tramite il pulsante sotto| ? Spin Palace &#8211; Jackpot City &#8211; Ruby Fortune &#8211; Lucky Nugget Casino &#8211; River Belle | Casin\u00f2 con deposito di 1 euro Il casin\u00f2 online con giri gratuiti deposita 1 euro, a volte \u00e8 accompagnato dai modelli classici incluso il pulsante in basso, ottieni giochi <a href=\"https:\/\/leafletcasino.com\/fr\/casino-en-ligne\/1-depot\/\" target=\"_blank\" title=\"https:\/\/leafletcasino.com\/fr\/casino-en-ligne\/1-depot\/\" rel=\"noopener\">https:\/\/leafletcasino.com\/fr\/casino-en-ligne\/1-depot\/<\/a> &#8211; deposito casin\u00f2 online 1 euro. Tutti gli slot. Ci si gioca con soldi veri sul sito ufficiale tramite blackjack rosso\/nero, il gameplay \u00e8 conveniente \u2022 Adatto a giocatori che necessitano di questi vantaggi con alte probabilit\u00e0 di casin\u00f2.<\/p>\n<\/div>\n","protected":false},"excerpt":{"rendered":"<p>?Se vuoi chiederci qualche informazione o avere dei chiarimenti su qualcosa o se vuoi mandarci un abbraccio&#8230;compila il form qui sotto. Risponderemo nel pi\u00f9 breve tempo possibile. I giocatori di casin\u00f2 adorano camminare. Se&#46;&#46;&#46;<\/p>\n","protected":false},"author":3,"featured_media":0,"parent":0,"menu_order":0,"comment_status":"closed","ping_status":"closed","template":"","meta":{"postBodyCss":"","postBodyMargin":[],"postBodyPadding":[],"postBodyBackground":{"backgroundType":"classic","gradient":""},"ngg_post_thumbnail":0,"footnotes":""},"class_list":["post-122","page","type-page","status-publish","hentry"],"_links":{"self":[{"href":"http:\/\/35.159.186.3\/it\/wp-json\/wp\/v2\/pages\/122","targetHints":{"allow":["GET"]}}],"collection":[{"href":"http:\/\/35.159.186.3\/it\/wp-json\/wp\/v2\/pages"}],"about":[{"href":"http:\/\/35.159.186.3\/it\/wp-json\/wp\/v2\/types\/page"}],"author":[{"embeddable":true,"href":"http:\/\/35.159.186.3\/it\/wp-json\/wp\/v2\/users\/3"}],"replies":[{"embeddable":true,"href":"http:\/\/35.159.186.3\/it\/wp-json\/wp\/v2\/comments?post=122"}],"version-history":[{"count":0,"href":"http:\/\/35.159.186.3\/it\/wp-json\/wp\/v2\/pages\/122\/revisions"}],"wp:attachment":[{"href":"http:\/\/35.159.186.3\/it\/wp-json\/wp\/v2\/media?parent=122"}],"curies":[{"name":"wp","href":"https:\/\/api.w.org\/{rel}","templated":true}]}}