{"id":273,"date":"2015-10-22T10:59:18","date_gmt":"2015-10-22T08:59:18","guid":{"rendered":"http:\/\/18.197.169.155\/?page_id=273"},"modified":"2019-01-28T10:49:21","modified_gmt":"2019-01-28T09:49:21","slug":"privacy-cookie-policy","status":"publish","type":"page","link":"http:\/\/35.159.186.3\/it\/privacy-cookie-policy\/","title":{"rendered":"Privacy Cookie Policy"},"content":{"rendered":"<div id=\"c435\">\n<h1 class=\"csc-firstHeader\">Privacy Cookie Policy<\/h1>\n<h2>Uso dei cookie in questo sito<\/h2>\n<p>Questo sito usa cookie per migliorare l&#8217;uso del sito e fornire servizi e funzionalit\u00e0 ai suoi utilizzatori.<\/p>\n<p>E\u2019 possibile limitare o disabilitare l\u2019uso dei cookie tramite il browser web; tuttavia, senza cookie alcune o tutte le funzionalit\u00e0 del sito potrebbero essere inutilizzabili.<\/p>\n<p>I cookie sono piccoli frammenti di testo archiviati sul suo browser attraverso il sito web che si visita. I siti web utilizzano i cookie per memorizzare informazioni sulla sua navigazione, sulle sue preferenze o per gestire l&#8217;accesso ad aree a lei riservate. I gestori dei siti web e i soggetti che attraverso i medesimi siti li installano possono accedere esclusivamente ai cookie che hanno archiviato sul suo browser. Qui pu\u00f2 trovare maggiori informazioni sui cookie: <a href=\"http:\/\/it.wikipedia.org\/wiki\/Cookie\" target=\"_blank\" rel=\"noopener\">it.wikipedia.org\/wiki\/Cookie<\/a>.<\/p>\n<p>I cookie si differenziano per le seguenti tipologie:<\/p>\n<h4>COOKIE TECNICI<\/h4>\n<p>Questi cookie sono essenziali per portare a termine attivit\u00e0 richieste dall\u2019utente. Per esempio, per memorizzare informazioni fornite dall\u2019utente mentre naviga nel sito o per gestire lo stato di &#8220;login&#8221; durante la visita.<\/p>\n<h4>COOKIE DI PROFILAZIONE<\/h4>\n<p>Questi cookie memorizzano informazioni legate all\u2019uso del sito per fornire informazioni personalizzate a scopo promozionale.<\/p>\n<h4>COOKIE DI TERZE PARTI<\/h4>\n<p>I cookie di terze parti sono sono quei cookie inviati al computer dell&#8217;utente da altri siti diversi da quello che si sta navigando.I cookie di terze parti derivano dall&#8217;uso di contenuti visualizzati sul sito che si sta visitando ma provenienti da server esterni. A titolo di esempio cookie di terze parti possono essere inviati quando si visualizzano nel sito contenuti quali: video di YouTube, box di Facebook o di Twitter, mappe di Goolge Maps o simili. Questi cookie possono essere utilizzati dalle terze parti per registrare l\u2019utilizzo del sito Web a scopo di marketing.<\/p>\n<p>Qui di seguito trovate un elenco dei cookie che possono essere utilizzati su questo sito con l&#8217;indicazione della tipologia e della eventuale provenienza da siti di terze parti<\/p>\n<h3 class=\"western\">COOKIE<\/h3>\n<\/div>\n<div id=\"c438\"><div id=\"tablepress-2-scroll-wrapper\" class=\"tablepress-scroll-wrapper\">\n\n<table id=\"tablepress-2\" class=\"tablepress tablepress-id-2 tablepress-responsive\">\n<thead>\n<tr class=\"row-1\">\n\t<th class=\"column-1\">Cookies<\/th><th class=\"column-2\">Terza parte<\/th><th class=\"column-3\">Scopo<\/th><th class=\"column-4\">Tipo<\/th>\n<\/tr>\n<\/thead>\n<tbody class=\"row-striping row-hover\">\n<tr class=\"row-2\">\n\t<td class=\"column-1\">_ga<\/td><td class=\"column-2\"><\/td><td class=\"column-3\">Questo cookie \u00e8 usato dai servizi di Google Analytics per distinguere i visitatori unici nelle statistiche, non traccia il comportamento dei singoli utenti. Contiene un numero unico casuale o una stringa di lettere e numeri per identificare il browser, gli orari e le date di interazione con il sito, ed gli strumenti di marketing o le pagine di provenienzache hanno portato al sito.<\/td><td class=\"column-4\">TECNICO<\/td>\n<\/tr>\n<tr class=\"row-3\">\n\t<td class=\"column-1\">_gat<\/td><td class=\"column-2\"><\/td><td class=\"column-3\">Questo cookie \u00e8 usato dai servizi di Google Analytics per distinguere i visitatori unici nelle statistiche, non traccia il comportamento dei singoli utenti. Contiene un numero unico casuale o una stringa di lettere e numeri per identificare il browser, gli orari e le date di interazione con il sito, ed gli strumenti di marketing o le pagine di provenienzache hanno portato al sito.<\/td><td class=\"column-4\">TECNICO<\/td>\n<\/tr>\n<tr class=\"row-4\">\n\t<td class=\"column-1\">__utma<\/td><td class=\"column-2\"><\/td><td class=\"column-3\">Questo cookie \u00e8 usato dai servizi di Google Analytics e viene memorizzato dal browser alla prima visita della pagina. Se viene cancellato viene di nuovo memorizzato alla successiva visita con un diverso ID unico. Questo cookie viene utilizato per distinguere i visitatori unici del nostro sito ed \u00e8 aggiornato ad ogni visualizzazione di una pagina. L'ID unico viene utilizzato per assicurare a Google Analytics la validit\u00e0 e l'accessibilit\u00e0 del cookie e come ulteriore misura di sicurezza.<\/td><td class=\"column-4\">TECNICO<\/td>\n<\/tr>\n<tr class=\"row-5\">\n\t<td class=\"column-1\">__utmb<\/td><td class=\"column-2\"><\/td><td class=\"column-3\">Questo cookie \u00e8 usato dai servizi di Google Analytics e viene memorizzato dal browser alla prima visita della pagina. Se viene cancellato viene di nuovo memorizzato alla successiva visita con un diverso ID unico. Ogni volta che l'utente visita una pagina il cookie viene aggiornato per scadere dopo 30 minuti. Questo permette di misurare l'attivit\u00e0 di un visitatore considerando come visita unica una serie di attivit\u00e0 che non si interrompa per pi\u00f9 di 30 minuti.<\/td><td class=\"column-4\">TECNICO<\/td>\n<\/tr>\n<tr class=\"row-6\">\n\t<td class=\"column-1\">__utmc<\/td><td class=\"column-2\"><\/td><td class=\"column-3\">Questo cookie \u00e8 usato dai servizi di Google Analytics e viene memorizzato dal browser alla prima visita della pagina per poi essere cancellato quando l'utente chiude il browser. Viene utilzzato per determinare se la visita \u00e8 da considerarsi l'inizio di una nuova sessione o parte di una sessione precedente.<\/td><td class=\"column-4\">TECNICO<\/td>\n<\/tr>\n<tr class=\"row-7\">\n\t<td class=\"column-1\">__utmt<\/td><td class=\"column-2\"><\/td><td class=\"column-3\">Questo cookie \u00e8 usato dai servizi di Google Analytics e non \u00e8 normalmente presente nella configurazione standard. Viene utilizzato solo se sono stati definiti dei metodi customizzati per l'invio di informazioni a Google Analytics.<\/td><td class=\"column-4\">TECNICO<\/td>\n<\/tr>\n<tr class=\"row-8\">\n\t<td class=\"column-1\">__utmz<\/td><td class=\"column-2\"><\/td><td class=\"column-3\">Questo cookie \u00e8 usato dai servizi di Google Analytics e serve per determinare come l'utente \u00e8 arrivato sul sito: direttamente, attraverso un link esterno, attraverso una ricerca, un link in un e-mail oppure un annuncio pubblicitario.<\/td><td class=\"column-4\">TECNICO<\/td>\n<\/tr>\n<tr class=\"row-9\">\n\t<td class=\"column-1\">PREF<\/td><td class=\"column-2\">Google Per maggiori informazioni leggi la Privacy Policy di Google:http:\/\/www.google.it\/intl\/it\/policies\/privacy\/<\/td><td class=\"column-3\">Google utilizza i cookie, come i cookie PREF, NID e SID, per contribuire alla personalizzazione degli annunci nelle propriet\u00e0 di Google, come la Ricerca Google. Ad esempio, li utilizziamo per memorizzare le tue ricerche pi\u00f9 recenti, le tue interazioni precedenti con gli annunci di un inserzionista o i risultati di ricerca e le tue visite al sito web di un inserzionista. In questo modo possiamo mostrarti annunci personalizzati su Google.<\/td><td class=\"column-4\">PROFILAZIONE<\/td>\n<\/tr>\n<tr class=\"row-10\">\n\t<td class=\"column-1\">NID<\/td><td class=\"column-2\">Google Per maggiori informazioni leggi la Privacy Policy di Google:http:\/\/www.google.it\/intl\/it\/policies\/privacy\/<\/td><td class=\"column-3\">Google utilizza i cookie, come i cookie PREF, NID e SID, per contribuire alla personalizzazione degli annunci nelle propriet\u00e0 di Google, come la Ricerca Google. Ad esempio, li utilizziamo per memorizzare le tue ricerche pi\u00f9 recenti, le tue interazioni precedenti con gli annunci di un inserzionista o i risultati di ricerca e le tue visite al sito web di un inserzionista. In questo modo possiamo mostrarti annunci personalizzati su Google.<\/td><td class=\"column-4\">PROFILAZIONE<\/td>\n<\/tr>\n<tr class=\"row-11\">\n\t<td class=\"column-1\">_ga<\/td><td class=\"column-2\">flickrit<\/td><td class=\"column-3\"><\/td><td class=\"column-4\"><\/td>\n<\/tr>\n<tr class=\"row-12\">\n\t<td class=\"column-1\">_gat<\/td><td class=\"column-2\">flickrit<\/td><td class=\"column-3\"><\/td><td class=\"column-4\"><\/td>\n<\/tr>\n<tr class=\"row-13\">\n\t<td class=\"column-1\">_uv_id<\/td><td class=\"column-2\">slideshare<\/td><td class=\"column-3\"><\/td><td class=\"column-4\"><\/td>\n<\/tr>\n<tr class=\"row-14\">\n\t<td class=\"column-1\">SERVERID<\/td><td class=\"column-2\">slideshare<\/td><td class=\"column-3\"><\/td><td class=\"column-4\"><\/td>\n<\/tr>\n<tr class=\"row-15\">\n\t<td class=\"column-1\">__utma<\/td><td class=\"column-2\">slideshare<\/td><td class=\"column-3\"><\/td><td class=\"column-4\"><\/td>\n<\/tr>\n<tr class=\"row-16\">\n\t<td class=\"column-1\">__utmb<\/td><td class=\"column-2\">slideshare<\/td><td class=\"column-3\"><\/td><td class=\"column-4\"><\/td>\n<\/tr>\n<tr class=\"row-17\">\n\t<td class=\"column-1\">__utmc<\/td><td class=\"column-2\">slideshare<\/td><td class=\"column-3\"><\/td><td class=\"column-4\"><\/td>\n<\/tr>\n<tr class=\"row-18\">\n\t<td class=\"column-1\">__utmz<\/td><td class=\"column-2\">slideshare<\/td><td class=\"column-3\"><\/td><td class=\"column-4\"><\/td>\n<\/tr>\n<tr class=\"row-19\">\n\t<td class=\"column-1\">__utmt<\/td><td class=\"column-2\">slideshare<\/td><td class=\"column-3\"><\/td><td class=\"column-4\"><\/td>\n<\/tr>\n<tr class=\"row-20\">\n\t<td class=\"column-1\">RT<\/td><td class=\"column-2\">slideshare<\/td><td class=\"column-3\"><\/td><td class=\"column-4\"><\/td>\n<\/tr>\n<tr class=\"row-21\">\n\t<td class=\"column-1\">_putma<\/td><td class=\"column-2\">prezi<\/td><td class=\"column-3\"><\/td><td class=\"column-4\"><\/td>\n<\/tr>\n<tr class=\"row-22\">\n\t<td class=\"column-1\">_ptref<\/td><td class=\"column-2\">prezi<\/td><td class=\"column-3\"><\/td><td class=\"column-4\"><\/td>\n<\/tr>\n<tr class=\"row-23\">\n\t<td class=\"column-1\">_ptret<\/td><td class=\"column-2\">prezi<\/td><td class=\"column-3\"><\/td><td class=\"column-4\"><\/td>\n<\/tr>\n<tr class=\"row-24\">\n\t<td class=\"column-1\">csrftoken<\/td><td class=\"column-2\">prezi<\/td><td class=\"column-3\"><\/td><td class=\"column-4\"><\/td>\n<\/tr>\n<tr class=\"row-25\">\n\t<td class=\"column-1\">prezi-auth<\/td><td class=\"column-2\">prezi<\/td><td class=\"column-3\"><\/td><td class=\"column-4\"><\/td>\n<\/tr>\n<tr class=\"row-26\">\n\t<td class=\"column-1\">VISITOR_INFO1_LIVEyoutube<\/td><td class=\"column-2\">Youtube Per maggiori informazioni leggi la Privacy Policy di Youtube:https:\/\/www.youtube.com\/static?template=privacy_guidelines<\/td><td class=\"column-3\">YouTube utilizza vari cookies che vengono scaricati quando si visualizza una pagina che ingloba un video. Il cookie VISITOR_INFO1_LIVE \u00e8 classificato da http:\/\/www.onlinecookieaudit.com\/cookieinfo\/VISITOR_INFO1_LIVE\/12\/ come cookie tecnico e serve a stimare l'utilizzo della banda ed altre informazioni relative a come gli utenti utilizzano Youtube ma non memorizzano informazioni utili ad identificare il singolo utente.<\/td><td class=\"column-4\">TECNICO<\/td>\n<\/tr>\n<tr class=\"row-27\">\n\t<td class=\"column-1\">YSC<\/td><td class=\"column-2\">Youtube Per maggiori informazioni leggi la Privacy Policy di Youtube:https:\/\/www.youtube.com\/static?template=privacy_guidelines<\/td><td class=\"column-3\">Youtube utilizza vari cookies che vengono scaricati quando si visualizza una pagina che ingloba un video. Come spiegato sul sito http:\/\/cookiepedia.co.uk\/cookie\/11564737 il cookie YSC \u00e8 usato per visualizzare annunci pubblicitari rilevanti per te ed i tuoi interessi. Sono anche usati per limitare il numero di volte in cui visualizzi un annuncio e per misurare l'efficacia delle campagne pubblicitarie.<\/td><td class=\"column-4\">TRACCIAMENTO<\/td>\n<\/tr>\n<tr class=\"row-28\">\n\t<td class=\"column-1\">PREF<\/td><td class=\"column-2\">Youtube Per maggiori informazioni leggi la Privacy Policy di Youtube:https:\/\/www.youtube.com\/static?template=privacy_guidelines<\/td><td class=\"column-3\">Un browser invia i dati di questo cookie con le richieste ai siti di Youtube. Il cookie PREF potrebbe memorizzare le tue preferenze e altre informazioni, in particolare la tua lingua preferita (ad esempio l'italiano), il numero di risultati di ricerca che desideri visualizzare per ogni pagina (ad esempio 10 o 20) e la tua preferenza di attivazione del filtro SafeSearch di Google.<\/td><td class=\"column-4\">TRACCIAMENTO<\/td>\n<\/tr>\n<tr class=\"row-29\">\n\t<td class=\"column-1\">GEUP<\/td><td class=\"column-2\">Youtube Per maggiori informazioni leggi la Privacy Policy di Youtube:https:\/\/www.youtube.com\/static?template=privacy_guidelines<\/td><td class=\"column-3\">Un browser invia i dati di questo cookie con le richieste ai siti di Youtube. Il cookie GEUP potrebbe memorizzare le tue preferenze e altre informazioni, in particolare la tua lingua preferita (ad esempio l'italiano), il numero di risultati di ricerca che desideri visualizzare per ogni pagina (ad esempio 10 o 20) e la tua preferenza di attivazione del filtro SafeSearch di Google.<\/td><td class=\"column-4\">TRACCIAMENTO<\/td>\n<\/tr>\n<tr class=\"row-30\">\n\t<td class=\"column-1\">mailmunch_second_pageview<\/td><td class=\"column-2\"><\/td><td class=\"column-3\">Questo cookie \u00e8 usato dai servizi di Mailmunch per mostrare o meno il banner di iscrizione alla newsletter<\/td><td class=\"column-4\">TECNICO<\/td>\n<\/tr>\n<tr class=\"row-31\">\n\t<td class=\"column-1\">mailmunch_shown<\/td><td class=\"column-2\">MailMunch http:\/\/www.mailmunch.co\/privacy\/<\/td><td class=\"column-3\">Questo cookie \u00e8 usato dai servizi di Mailmunch per mostrare o meno il banner di iscrizione alla newsletter<\/td><td class=\"column-4\">TECNICO<\/td>\n<\/tr>\n<tr class=\"row-32\">\n\t<td class=\"column-1\"><\/td><td class=\"column-2\"><\/td><td class=\"column-3\"><\/td><td class=\"column-4\"><\/td>\n<\/tr>\n<tr class=\"row-33\">\n\t<td class=\"column-1\"><\/td><td class=\"column-2\"><\/td><td class=\"column-3\"><\/td><td class=\"column-4\"><\/td>\n<\/tr>\n<tr class=\"row-34\">\n\t<td class=\"column-1\"><\/td><td class=\"column-2\"><\/td><td class=\"column-3\"><\/td><td class=\"column-4\"><\/td>\n<\/tr>\n<\/tbody>\n<\/table>\n\n<\/div><!-- #tablepress-2 from cache --><\/div>\n<div id=\"c436\">\n<h3>Modalit\u00e0 di utilizzo dei dati da parte di Google<\/h3>\n<h3><a href=\"https:\/\/www.google.com\/intl\/it\/policies\/privacy\/partners\/\">https:\/\/www.google.com\/intl\/it\/policies\/privacy\/partners\/<\/a><\/h3>\n<h3>Come si possono limitare o disabilitare i cookie?<\/h3>\n<p>Ogni browser offre metodi per limitare o disabilitare i cookie. Per maggiori informazioni sulla gestione dei cookie visitate i link appropriati:<\/p>\n<p>Internet Explorer<\/p>\n<p><a href=\"http:\/\/windows.microsoft.com\/it-it\/windows7\/how-to-manage-cookies-in-internet-explorer-9\" target=\"_blank\" rel=\"noopener\">http:\/\/windows.microsoft.com\/it-it\/windows7\/how-to-manage-cookies-in-internet-explorer-9<\/a><\/p>\n<p>Firefox<\/p>\n<p><a class=\"cookie\" title=\"_blank\" href=\"https:\/\/support.mozilla.org\/it\/kb\/Gestione\" target=\"dei\">https:\/\/support.mozilla.org\/it\/kb\/Gestione dei cookie<\/a><\/p>\n<p>Chrome<\/p>\n<p><a href=\"https:\/\/support.google.com\/chrome\/answer\/95647?hl=it\" target=\"_blank\" rel=\"noopener\">https:\/\/support.google.com\/chrome\/answer\/95647?hl=it<\/a><\/p>\n<p>Safari<\/p>\n<p><a href=\"http:\/\/support.apple.com\/kb\/HT1677?viewlocale=it_IT\" target=\"_blank\" rel=\"noopener\">http:\/\/support.apple.com\/kb\/HT1677?viewlocale=it_IT<\/a><\/p>\n<\/div>\n<p>HotJar<\/p>\n<p>Per disabilitare il tracciamento delle azioni di HotJar seguire il seguente link:<\/p>\n<p><a href=\"https:\/\/www.hotjar.com\/opt-out\">https:\/\/www.hotjar.com\/opt-out<\/a><\/p>\n","protected":false},"excerpt":{"rendered":"<p>Privacy Cookie Policy Uso dei cookie in questo sito Questo sito usa cookie per migliorare l&#8217;uso del sito e fornire servizi e funzionalit\u00e0 ai suoi utilizzatori. E\u2019 possibile limitare o disabilitare l\u2019uso dei cookie&#46;&#46;&#46;<\/p>\n","protected":false},"author":3,"featured_media":0,"parent":0,"menu_order":0,"comment_status":"closed","ping_status":"closed","template":"","meta":{"postBodyCss":"","postBodyMargin":[],"postBodyPadding":[],"postBodyBackground":{"backgroundType":"classic","gradient":""},"ngg_post_thumbnail":0,"footnotes":""},"class_list":["post-273","page","type-page","status-publish","hentry"],"_links":{"self":[{"href":"http:\/\/35.159.186.3\/it\/wp-json\/wp\/v2\/pages\/273","targetHints":{"allow":["GET"]}}],"collection":[{"href":"http:\/\/35.159.186.3\/it\/wp-json\/wp\/v2\/pages"}],"about":[{"href":"http:\/\/35.159.186.3\/it\/wp-json\/wp\/v2\/types\/page"}],"author":[{"embeddable":true,"href":"http:\/\/35.159.186.3\/it\/wp-json\/wp\/v2\/users\/3"}],"replies":[{"embeddable":true,"href":"http:\/\/35.159.186.3\/it\/wp-json\/wp\/v2\/comments?post=273"}],"version-history":[{"count":0,"href":"http:\/\/35.159.186.3\/it\/wp-json\/wp\/v2\/pages\/273\/revisions"}],"wp:attachment":[{"href":"http:\/\/35.159.186.3\/it\/wp-json\/wp\/v2\/media?parent=273"}],"curies":[{"name":"wp","href":"https:\/\/api.w.org\/{rel}","templated":true}]}}